{"id":779,"date":"2019-07-31T00:05:24","date_gmt":"2019-07-31T00:05:24","guid":{"rendered":"http:\/\/coicom.com\/video\/?page_id=779"},"modified":"2025-11-24T16:53:22","modified_gmt":"2025-11-24T16:53:22","slug":"contacto","status":"publish","type":"page","link":"https:\/\/coicom.com\/video\/contacto\/","title":{"rendered":"Contacto"},"content":{"rendered":"<style id=\"wpforms-css-vars-1344\">\n\t\t\t\t#wpforms-1344 {\n\t\t\t\t--wpforms-container-padding: 0px;\n--wpforms-container-border-width: 1px;\n--wpforms-container-border-radius: 3px;\n--wpforms-background-color: rgba(0, 0, 0, 0);\n--wpforms-field-size-input-height: 43px;\n--wpforms-field-size-input-spacing: 15px;\n--wpforms-field-size-font-size: 16px;\n--wpforms-field-size-line-height: 19px;\n--wpforms-field-size-padding-h: 14px;\n--wpforms-field-size-checkbox-size: 16px;\n--wpforms-field-size-sublabel-spacing: 5px;\n--wpforms-field-size-icon-size: 1;\n--wpforms-label-size-font-size: 16px;\n--wpforms-label-size-line-height: 19px;\n--wpforms-label-size-sublabel-font-size: 14px;\n--wpforms-label-size-sublabel-line-height: 17px;\n--wpforms-button-size-font-size: 17px;\n--wpforms-button-size-height: 41px;\n--wpforms-button-size-padding-h: 15px;\n--wpforms-button-size-margin-top: 10px;\n--wpforms-container-shadow-size-box-shadow: none;\n\t\t\t}\n\t\t\t<\/style><div class=\"wpforms-container wpforms-container-full wpforms-render-modern\" id=\"wpforms-1344\"><form id=\"wpforms-form-1344\" class=\"wpforms-validate wpforms-form wpforms-ajax-form\" data-formid=\"1344\" method=\"post\" enctype=\"multipart\/form-data\" action=\"\/video\/wp-json\/wp\/v2\/pages\/779\" data-token=\"d9acd7fad89661ac9189a51e862ad4ed\" data-token-time=\"1776281843\"><noscript class=\"wpforms-error-noscript\">Por favor, activa JavaScript en tu navegador para completar este formulario.<\/noscript><div id=\"wpforms-error-noscript\" style=\"display: none;\">Por favor, activa JavaScript en tu navegador para completar este formulario.<\/div><div class=\"wpforms-field-container\"><div id=\"wpforms-1344-field_1-container\" class=\"wpforms-field wpforms-field-name\" data-field-id=\"1\"><fieldset><legend class=\"wpforms-field-label\">Nombre <span class=\"wpforms-required-label\" aria-hidden=\"true\">*<\/span><\/legend><div class=\"wpforms-field-row wpforms-field-medium\"><div class=\"wpforms-field-row-block wpforms-first wpforms-one-half\"><input type=\"text\" id=\"wpforms-1344-field_1\" class=\"wpforms-field-name-first wpforms-field-required\" name=\"wpforms[fields][1][first]\" aria-errormessage=\"wpforms-1344-field_1-error\" required><label for=\"wpforms-1344-field_1\" class=\"wpforms-field-sublabel after\">Nombre<\/label><\/div><div class=\"wpforms-field-row-block wpforms-one-half\"><input type=\"text\" id=\"wpforms-1344-field_1-last\" class=\"wpforms-field-name-last wpforms-field-required\" name=\"wpforms[fields][1][last]\" aria-errormessage=\"wpforms-1344-field_1-last-error\" required><label for=\"wpforms-1344-field_1-last\" class=\"wpforms-field-sublabel after\">Apellidos<\/label><\/div><\/div><\/fieldset><\/div>\t\t<div id=\"wpforms-1344-field_4-container\"\n\t\t\tclass=\"wpforms-field wpforms-field-text\"\n\t\t\tdata-field-type=\"text\"\n\t\t\tdata-field-id=\"4\"\n\t\t\t>\n\t\t\t<label class=\"wpforms-field-label\" for=\"wpforms-1344-field_4\" >mensaje electr\u00f3nico o<\/label>\n\t\t\t<input type=\"text\" id=\"wpforms-1344-field_4\" class=\"wpforms-field-medium\" name=\"wpforms[fields][4]\" >\n\t\t<\/div>\n\t\t<div id=\"wpforms-1344-field_2-container\" class=\"wpforms-field wpforms-field-email\" data-field-id=\"2\"><label class=\"wpforms-field-label\" for=\"wpforms-1344-field_2\">Correo electr\u00f3nico <span class=\"wpforms-required-label\" aria-hidden=\"true\">*<\/span><\/label><input type=\"email\" id=\"wpforms-1344-field_2\" class=\"wpforms-field-medium wpforms-field-required\" name=\"wpforms[fields][2]\" spellcheck=\"false\" aria-errormessage=\"wpforms-1344-field_2-error\" required><\/div><div id=\"wpforms-1344-field_3-container\" class=\"wpforms-field wpforms-field-textarea\" data-field-id=\"3\"><label class=\"wpforms-field-label\" for=\"wpforms-1344-field_3\">Comentario o mensaje<\/label><textarea id=\"wpforms-1344-field_3\" class=\"wpforms-field-medium\" name=\"wpforms[fields][3]\" aria-errormessage=\"wpforms-1344-field_3-error\" ><\/textarea><\/div><script>\n\t\t\t\t( function() {\n\t\t\t\t\tconst style = document.createElement( 'style' );\n\t\t\t\t\tstyle.appendChild( document.createTextNode( '#wpforms-1344-field_4-container { position: absolute !important; overflow: hidden !important; display: inline !important; height: 1px !important; width: 1px !important; z-index: -1000 !important; padding: 0 !important; } #wpforms-1344-field_4-container input { visibility: hidden; } #wpforms-conversational-form-page #wpforms-1344-field_4-container label { counter-increment: none; }' ) );\n\t\t\t\t\tdocument.head.appendChild( style );\n\t\t\t\t\tdocument.currentScript?.remove();\n\t\t\t\t} )();\n\t\t\t<\/script><\/div><!-- .wpforms-field-container --><div class=\"wpforms-recaptcha-container wpforms-is-hcaptcha\" ><div class=\"h-captcha\" data-sitekey=\"c9fccae6-ead6-49c8-b8bc-fc1401e6f52c\"><\/div><input type=\"text\" name=\"g-recaptcha-hidden\" class=\"wpforms-recaptcha-hidden\" style=\"position:absolute!important;clip:rect(0,0,0,0)!important;height:1px!important;width:1px!important;border:0!important;overflow:hidden!important;padding:0!important;margin:0!important;\" data-rule-hcaptcha=\"1\"><\/div><div class=\"wpforms-submit-container\" ><input type=\"hidden\" name=\"wpforms[id]\" value=\"1344\"><input type=\"hidden\" name=\"page_title\" value=\"\"><input type=\"hidden\" name=\"page_url\" value=\"https:\/\/coicom.com\/video\/wp-json\/wp\/v2\/pages\/779\"><input type=\"hidden\" name=\"url_referer\" value=\"\"><button type=\"submit\" name=\"wpforms[submit]\" id=\"wpforms-submit-1344\" class=\"wpforms-submit\" data-alt-text=\"Enviando...\" data-submit-text=\"Enviar\" aria-live=\"assertive\" value=\"wpforms-submit\">Enviar<\/button><img loading=\"lazy\" decoding=\"async\" src=\"https:\/\/coicom.com\/video\/wp-content\/plugins\/wpforms-lite\/assets\/images\/submit-spin.svg\" class=\"wpforms-submit-spinner\" style=\"display: none;\" width=\"26\" height=\"26\" alt=\"Cargando\"><\/div><\/form><\/div>  <!-- .wpforms-container -->\n\n\n\n<p><\/p>\n","protected":false},"excerpt":{"rendered":"","protected":false},"author":2,"featured_media":0,"parent":0,"menu_order":0,"comment_status":"closed","ping_status":"closed","template":"","meta":{"site-sidebar-layout":"default","site-content-layout":"","ast-site-content-layout":"default","site-content-style":"default","site-sidebar-style":"default","ast-global-header-display":"","ast-banner-title-visibility":"","ast-main-header-display":"","ast-hfb-above-header-display":"","ast-hfb-below-header-display":"","ast-hfb-mobile-header-display":"","site-post-title":"","ast-breadcrumbs-content":"","ast-featured-img":"","footer-sml-layout":"","ast-disable-related-posts":"","theme-transparent-header-meta":"","adv-header-id-meta":"","stick-header-meta":"","header-above-stick-meta":"","header-main-stick-meta":"","header-below-stick-meta":"","astra-migrate-meta-layouts":"default","ast-page-background-enabled":"default","ast-page-background-meta":{"desktop":{"background-color":"var(--ast-global-color-5)","background-image":"","background-repeat":"repeat","background-position":"center center","background-size":"auto","background-attachment":"scroll","background-type":"","background-media":"","overlay-type":"","overlay-color":"","overlay-opacity":"","overlay-gradient":""},"tablet":{"background-color":"","background-image":"","background-repeat":"repeat","background-position":"center center","background-size":"auto","background-attachment":"scroll","background-type":"","background-media":"","overlay-type":"","overlay-color":"","overlay-opacity":"","overlay-gradient":""},"mobile":{"background-color":"","background-image":"","background-repeat":"repeat","background-position":"center center","background-size":"auto","background-attachment":"scroll","background-type":"","background-media":"","overlay-type":"","overlay-color":"","overlay-opacity":"","overlay-gradient":""}},"ast-content-background-meta":{"desktop":{"background-color":"var(--ast-global-color-4)","background-image":"","background-repeat":"repeat","background-position":"center center","background-size":"auto","background-attachment":"scroll","background-type":"","background-media":"","overlay-type":"","overlay-color":"","overlay-opacity":"","overlay-gradient":""},"tablet":{"background-color":"var(--ast-global-color-4)","background-image":"","background-repeat":"repeat","background-position":"center center","background-size":"auto","background-attachment":"scroll","background-type":"","background-media":"","overlay-type":"","overlay-color":"","overlay-opacity":"","overlay-gradient":""},"mobile":{"background-color":"var(--ast-global-color-4)","background-image":"","background-repeat":"repeat","background-position":"center center","background-size":"auto","background-attachment":"scroll","background-type":"","background-media":"","overlay-type":"","overlay-color":"","overlay-opacity":"","overlay-gradient":""}},"footnotes":""},"class_list":["post-779","page","type-page","status-publish","hentry"],"yoast_head":"<!-- This site is optimized with the Yoast SEO plugin v27.4 - https:\/\/yoast.com\/product\/yoast-seo-wordpress\/ -->\n<title>Contacto - COICOM TV<\/title>\n<meta name=\"description\" content=\"Contacte con COICOM.TV. Tu pagina de capacitaci\u00f3n en l\u00ednea. Despu\u00e9s de cada congreso subimos los videos para que puedas disfrutar de ellos.\" \/>\n<meta name=\"robots\" content=\"index, follow, max-snippet:-1, max-image-preview:large, max-video-preview:-1\" \/>\n<link rel=\"canonical\" href=\"https:\/\/coicom.com\/video\/contacto\/\" \/>\n<meta property=\"og:locale\" content=\"es_ES\" \/>\n<meta property=\"og:type\" content=\"article\" \/>\n<meta property=\"og:title\" content=\"Contacto - COICOM TV\" \/>\n<meta property=\"og:description\" content=\"Contacte con COICOM.TV. Tu pagina de capacitaci\u00f3n en l\u00ednea. Despu\u00e9s de cada congreso subimos los videos para que puedas disfrutar de ellos.\" \/>\n<meta property=\"og:url\" content=\"https:\/\/coicom.com\/video\/contacto\/\" \/>\n<meta property=\"og:site_name\" content=\"COICOM TV\" \/>\n<meta property=\"article:publisher\" content=\"https:\/\/www.facebook.com\/Coicom\" \/>\n<meta property=\"article:modified_time\" content=\"2025-11-24T16:53:22+00:00\" \/>\n<meta name=\"twitter:card\" content=\"summary_large_image\" \/>\n<meta name=\"twitter:site\" content=\"@COICOM\" \/>\n<meta name=\"twitter:label1\" content=\"Tiempo de lectura\" \/>\n\t<meta name=\"twitter:data1\" content=\"1 minuto\" \/>\n<script type=\"application\/ld+json\" class=\"yoast-schema-graph\">{\"@context\":\"https:\\\/\\\/schema.org\",\"@graph\":[{\"@type\":\"WebPage\",\"@id\":\"https:\\\/\\\/coicom.com\\\/video\\\/contacto\\\/\",\"url\":\"https:\\\/\\\/coicom.com\\\/video\\\/contacto\\\/\",\"name\":\"Contacto - COICOM TV\",\"isPartOf\":{\"@id\":\"https:\\\/\\\/coicom.com\\\/video\\\/#website\"},\"datePublished\":\"2019-07-31T00:05:24+00:00\",\"dateModified\":\"2025-11-24T16:53:22+00:00\",\"description\":\"Contacte con COICOM.TV. Tu pagina de capacitaci\u00f3n en l\u00ednea. Despu\u00e9s de cada congreso subimos los videos para que puedas disfrutar de ellos.\",\"breadcrumb\":{\"@id\":\"https:\\\/\\\/coicom.com\\\/video\\\/contacto\\\/#breadcrumb\"},\"inLanguage\":\"es\",\"potentialAction\":[{\"@type\":\"ReadAction\",\"target\":[\"https:\\\/\\\/coicom.com\\\/video\\\/contacto\\\/\"]}]},{\"@type\":\"BreadcrumbList\",\"@id\":\"https:\\\/\\\/coicom.com\\\/video\\\/contacto\\\/#breadcrumb\",\"itemListElement\":[{\"@type\":\"ListItem\",\"position\":1,\"name\":\"Portada\",\"item\":\"https:\\\/\\\/coicom.com\\\/video\\\/\"},{\"@type\":\"ListItem\",\"position\":2,\"name\":\"Contacto\"}]},{\"@type\":\"WebSite\",\"@id\":\"https:\\\/\\\/coicom.com\\\/video\\\/#website\",\"url\":\"https:\\\/\\\/coicom.com\\\/video\\\/\",\"name\":\"COICOM TV\",\"description\":\"CAPACITACION CONSTANTE EN LINEA\",\"publisher\":{\"@id\":\"https:\\\/\\\/coicom.com\\\/video\\\/#organization\"},\"potentialAction\":[{\"@type\":\"SearchAction\",\"target\":{\"@type\":\"EntryPoint\",\"urlTemplate\":\"https:\\\/\\\/coicom.com\\\/video\\\/?s={search_term_string}\"},\"query-input\":{\"@type\":\"PropertyValueSpecification\",\"valueRequired\":true,\"valueName\":\"search_term_string\"}}],\"inLanguage\":\"es\"},{\"@type\":\"Organization\",\"@id\":\"https:\\\/\\\/coicom.com\\\/video\\\/#organization\",\"name\":\"COICOM TV\",\"url\":\"https:\\\/\\\/coicom.com\\\/video\\\/\",\"logo\":{\"@type\":\"ImageObject\",\"inLanguage\":\"es\",\"@id\":\"https:\\\/\\\/coicom.com\\\/video\\\/#\\\/schema\\\/logo\\\/image\\\/\",\"url\":\"https:\\\/\\\/coicom.com\\\/video\\\/wp-content\\\/uploads\\\/2020\\\/11\\\/coicom-tv-2020-1.jpg\",\"contentUrl\":\"https:\\\/\\\/coicom.com\\\/video\\\/wp-content\\\/uploads\\\/2020\\\/11\\\/coicom-tv-2020-1.jpg\",\"width\":170,\"height\":51,\"caption\":\"COICOM TV\"},\"image\":{\"@id\":\"https:\\\/\\\/coicom.com\\\/video\\\/#\\\/schema\\\/logo\\\/image\\\/\"},\"sameAs\":[\"https:\\\/\\\/www.facebook.com\\\/Coicom\",\"https:\\\/\\\/x.com\\\/COICOM\",\"https:\\\/\\\/www.instagram.com\\\/coicom.internacional\\\/\"]}]}<\/script>\n<!-- \/ Yoast SEO plugin. -->","yoast_head_json":{"title":"Contacto - COICOM TV","description":"Contacte con COICOM.TV. Tu pagina de capacitaci\u00f3n en l\u00ednea. Despu\u00e9s de cada congreso subimos los videos para que puedas disfrutar de ellos.","robots":{"index":"index","follow":"follow","max-snippet":"max-snippet:-1","max-image-preview":"max-image-preview:large","max-video-preview":"max-video-preview:-1"},"canonical":"https:\/\/coicom.com\/video\/contacto\/","og_locale":"es_ES","og_type":"article","og_title":"Contacto - COICOM TV","og_description":"Contacte con COICOM.TV. Tu pagina de capacitaci\u00f3n en l\u00ednea. Despu\u00e9s de cada congreso subimos los videos para que puedas disfrutar de ellos.","og_url":"https:\/\/coicom.com\/video\/contacto\/","og_site_name":"COICOM TV","article_publisher":"https:\/\/www.facebook.com\/Coicom","article_modified_time":"2025-11-24T16:53:22+00:00","twitter_card":"summary_large_image","twitter_site":"@COICOM","twitter_misc":{"Tiempo de lectura":"1 minuto"},"schema":{"@context":"https:\/\/schema.org","@graph":[{"@type":"WebPage","@id":"https:\/\/coicom.com\/video\/contacto\/","url":"https:\/\/coicom.com\/video\/contacto\/","name":"Contacto - COICOM TV","isPartOf":{"@id":"https:\/\/coicom.com\/video\/#website"},"datePublished":"2019-07-31T00:05:24+00:00","dateModified":"2025-11-24T16:53:22+00:00","description":"Contacte con COICOM.TV. Tu pagina de capacitaci\u00f3n en l\u00ednea. Despu\u00e9s de cada congreso subimos los videos para que puedas disfrutar de ellos.","breadcrumb":{"@id":"https:\/\/coicom.com\/video\/contacto\/#breadcrumb"},"inLanguage":"es","potentialAction":[{"@type":"ReadAction","target":["https:\/\/coicom.com\/video\/contacto\/"]}]},{"@type":"BreadcrumbList","@id":"https:\/\/coicom.com\/video\/contacto\/#breadcrumb","itemListElement":[{"@type":"ListItem","position":1,"name":"Portada","item":"https:\/\/coicom.com\/video\/"},{"@type":"ListItem","position":2,"name":"Contacto"}]},{"@type":"WebSite","@id":"https:\/\/coicom.com\/video\/#website","url":"https:\/\/coicom.com\/video\/","name":"COICOM TV","description":"CAPACITACION CONSTANTE EN LINEA","publisher":{"@id":"https:\/\/coicom.com\/video\/#organization"},"potentialAction":[{"@type":"SearchAction","target":{"@type":"EntryPoint","urlTemplate":"https:\/\/coicom.com\/video\/?s={search_term_string}"},"query-input":{"@type":"PropertyValueSpecification","valueRequired":true,"valueName":"search_term_string"}}],"inLanguage":"es"},{"@type":"Organization","@id":"https:\/\/coicom.com\/video\/#organization","name":"COICOM TV","url":"https:\/\/coicom.com\/video\/","logo":{"@type":"ImageObject","inLanguage":"es","@id":"https:\/\/coicom.com\/video\/#\/schema\/logo\/image\/","url":"https:\/\/coicom.com\/video\/wp-content\/uploads\/2020\/11\/coicom-tv-2020-1.jpg","contentUrl":"https:\/\/coicom.com\/video\/wp-content\/uploads\/2020\/11\/coicom-tv-2020-1.jpg","width":170,"height":51,"caption":"COICOM TV"},"image":{"@id":"https:\/\/coicom.com\/video\/#\/schema\/logo\/image\/"},"sameAs":["https:\/\/www.facebook.com\/Coicom","https:\/\/x.com\/COICOM","https:\/\/www.instagram.com\/coicom.internacional\/"]}]}},"_links":{"self":[{"href":"https:\/\/coicom.com\/video\/wp-json\/wp\/v2\/pages\/779","targetHints":{"allow":["GET"]}}],"collection":[{"href":"https:\/\/coicom.com\/video\/wp-json\/wp\/v2\/pages"}],"about":[{"href":"https:\/\/coicom.com\/video\/wp-json\/wp\/v2\/types\/page"}],"author":[{"embeddable":true,"href":"https:\/\/coicom.com\/video\/wp-json\/wp\/v2\/users\/2"}],"replies":[{"embeddable":true,"href":"https:\/\/coicom.com\/video\/wp-json\/wp\/v2\/comments?post=779"}],"version-history":[{"count":3,"href":"https:\/\/coicom.com\/video\/wp-json\/wp\/v2\/pages\/779\/revisions"}],"predecessor-version":[{"id":1350,"href":"https:\/\/coicom.com\/video\/wp-json\/wp\/v2\/pages\/779\/revisions\/1350"}],"wp:attachment":[{"href":"https:\/\/coicom.com\/video\/wp-json\/wp\/v2\/media?parent=779"}],"curies":[{"name":"wp","href":"https:\/\/api.w.org\/{rel}","templated":true}]}}